{"id":3143,"date":"2019-09-27T09:55:02","date_gmt":"2019-09-27T07:55:02","guid":{"rendered":"https:\/\/skiconceptmegeve.com\/?page_id=3143"},"modified":"2019-10-24T15:14:58","modified_gmt":"2019-10-24T13:14:58","slug":"phantom-ski-concept-megeve","status":"publish","type":"page","link":"https:\/\/skiconceptmegeve.com\/en\/phantom-ski-concept-megeve\/","title":{"rendered":"PHANTOM"},"content":{"rendered":"<p>[et_pb_section fb_built=&#8221;1&#8243; _builder_version=&#8221;3.22&#8243;][et_pb_row _builder_version=&#8221;3.25&#8243; background_size=&#8221;initial&#8221; background_position=&#8221;top_left&#8221; background_repeat=&#8221;repeat&#8221;][et_pb_column type=&#8221;4_4&#8243; _builder_version=&#8221;3.25&#8243; custom_padding=&#8221;|||&#8221; custom_padding__hover=&#8221;|||&#8221;][et_pb_text _builder_version=&#8221;3.27.4&#8243; background_size=&#8221;initial&#8221; background_position=&#8221;top_left&#8221; background_repeat=&#8221;repeat&#8221;]&nbsp;<\/p>\n<h1 style=\"text-align: center;\"><strong>PHANTOM: traitement permanent de semelle.<\/strong><\/h1>\n<h3 style=\"text-align: center;\">Une application unique, une glisse infinie!<\/h3>\n<h3 style=\"text-align: center;\"><span style=\"color: #ff0000;\">3 b\u00e9n\u00e9fices: Environnement, performance et permanence<\/span><\/h3>\n<p><iframe loading=\"lazy\" title=\"PHANTOM &amp;ndash; Apply Once, Glide Forever.\" src=\"https:\/\/player.vimeo.com\/video\/286961374?dnt=1&amp;app_id=122963\" width=\"1080\" height=\"608\" frameborder=\"0\" allow=\"autoplay; fullscreen\" allowfullscreen><\/iframe><\/p>\n<hr \/>\n<p>DPS veut r\u00e9volutionner le fartage avec PHANTOM. Une formule unique et permanente qui \u00e9limine la n\u00e9cessit\u00e9 de farter r\u00e9guli\u00e8rement son mat\u00e9riel comme auparavant.<\/p>\n<p>L&#8217;objectif premier est d&#8217;offrir une performance de glisse qui ne diminue jamais \u00e0 travers toutes les temp\u00e9ratures de neige et pour toute la dur\u00e9e de vie d&#8217;un ski.<\/p>\n<p>Le deuxi\u00e8me objectif est d&#8217;\u00e9liminer les dommages caus\u00e9s par le fart traditionnel sur l&#8217;environnement ainsi que les risques pour la sant\u00e9 des personnes qui l&#8217;appliquent. En effet, Phantom <strong>est exempt de PCF et d&#8217;autres \u00e9l\u00e9ments canc\u00e9rog\u00e8nes.<\/strong><br \/>\n[\/et_pb_text][\/et_pb_column][\/et_pb_row][\/et_pb_section]<\/p>\n","protected":false},"excerpt":{"rendered":"<p>PHANTOM chez SKI CONCEPT Meg\u00e8ve r\u00e9volutionne le fartage.<\/p>\n","protected":false},"author":3,"featured_media":0,"parent":0,"menu_order":0,"comment_status":"closed","ping_status":"closed","template":"","meta":{"_et_pb_use_builder":"on","_et_pb_old_content":"<p>\u00a0<\/p><h1 style=\"text-align: center;\"><strong>PHANTOM: traitement permanent de semelle.<\/strong><\/h1><h3 style=\"text-align: center;\">Une application unique, une glisse infinie!<\/h3><h3 style=\"text-align: center;\"><span style=\"color: #ff0000;\">3 b\u00e9n\u00e9fices: Environnement, performance et permanence<\/span><\/h3><p>[embed]http:\/\/vimeo.com\/286961374[\/embed]<\/p><hr \/><p>DPS veut r\u00e9volutionner le fartage avec PHANTOM. Une formule unique et permanente qui \u00e9limine la n\u00e9cessit\u00e9 de farter r\u00e9guli\u00e8rement son mat\u00e9riel comme auparavant.<\/p><p>L'objectif premier est d'offrir une performance de glisse qui ne diminue jamais \u00e0 travers toutes les temp\u00e9ratures de neige et pour toute la dur\u00e9e de vie d'un ski.<\/p><p>Le deuxi\u00e8me objectif est d'\u00e9liminer les dommages caus\u00e9s par le fart traditionnel sur l'environnement ainsi que les risques pour la sant\u00e9 des personnes qui l'appliquent. En effet, Phantom <strong>est exempt de PCF et d'autres \u00e9l\u00e9ments canc\u00e9rog\u00e8nes.<\/strong><\/p>","_et_gb_content_width":"","footnotes":""},"class_list":["post-3143","page","type-page","status-publish","hentry"],"yoast_head":"<!-- This site is optimized with the Yoast SEO plugin v27.4 - https:\/\/yoast.com\/product\/yoast-seo-wordpress\/ -->\n<title>PHANTOM -<\/title>\n<meta name=\"description\" content=\"Ski Concept Megeve: vous pourrez cette saison louer des skis qui seront trait\u00e9s par le proc\u00e9de Phantom. Une glisse permanente et un geste pour la plan\u00e8te.\" \/>\n<meta name=\"robots\" content=\"index, follow, max-snippet:-1, max-image-preview:large, max-video-preview:-1\" \/>\n<link rel=\"canonical\" href=\"https:\/\/skiconceptmegeve.com\/phantom-ski-concept-megeve\/\" \/>\n<meta name=\"twitter:label1\" content=\"Est. reading time\" \/>\n\t<meta name=\"twitter:data1\" content=\"1 minute\" \/>\n<script type=\"application\/ld+json\" class=\"yoast-schema-graph\">{\"@context\":\"https:\\\/\\\/schema.org\",\"@graph\":[{\"@type\":\"WebPage\",\"@id\":\"https:\\\/\\\/skiconceptmegeve.com\\\/phantom-ski-concept-megeve\\\/\",\"url\":\"https:\\\/\\\/skiconceptmegeve.com\\\/phantom-ski-concept-megeve\\\/\",\"name\":\"PHANTOM -\",\"isPartOf\":{\"@id\":\"https:\\\/\\\/skiconceptmegeve.com\\\/#website\"},\"datePublished\":\"2019-09-27T07:55:02+00:00\",\"dateModified\":\"2019-10-24T13:14:58+00:00\",\"description\":\"Ski Concept Megeve: vous pourrez cette saison louer des skis qui seront trait\u00e9s par le proc\u00e9de Phantom. Une glisse permanente et un geste pour la plan\u00e8te.\",\"breadcrumb\":{\"@id\":\"https:\\\/\\\/skiconceptmegeve.com\\\/phantom-ski-concept-megeve\\\/#breadcrumb\"},\"inLanguage\":\"en-US\",\"potentialAction\":[{\"@type\":\"ReadAction\",\"target\":[\"https:\\\/\\\/skiconceptmegeve.com\\\/phantom-ski-concept-megeve\\\/\"]}]},{\"@type\":\"BreadcrumbList\",\"@id\":\"https:\\\/\\\/skiconceptmegeve.com\\\/phantom-ski-concept-megeve\\\/#breadcrumb\",\"itemListElement\":[{\"@type\":\"ListItem\",\"position\":1,\"name\":\"Home\",\"item\":\"https:\\\/\\\/skiconceptmegeve.com\\\/en\\\/\"},{\"@type\":\"ListItem\",\"position\":2,\"name\":\"PHANTOM\"}]},{\"@type\":\"WebSite\",\"@id\":\"https:\\\/\\\/skiconceptmegeve.com\\\/#website\",\"url\":\"https:\\\/\\\/skiconceptmegeve.com\\\/\",\"name\":\"Ski Concept Megeve\",\"description\":\"Ski shop in Meg\u00e8ve\",\"potentialAction\":[{\"@type\":\"SearchAction\",\"target\":{\"@type\":\"EntryPoint\",\"urlTemplate\":\"https:\\\/\\\/skiconceptmegeve.com\\\/?s={search_term_string}\"},\"query-input\":{\"@type\":\"PropertyValueSpecification\",\"valueRequired\":true,\"valueName\":\"search_term_string\"}}],\"inLanguage\":\"en-US\"}]}<\/script>\n<!-- \/ Yoast SEO plugin. -->","yoast_head_json":{"title":"PHANTOM -","description":"Ski Concept Megeve: vous pourrez cette saison louer des skis qui seront trait\u00e9s par le proc\u00e9de Phantom. Une glisse permanente et un geste pour la plan\u00e8te.","robots":{"index":"index","follow":"follow","max-snippet":"max-snippet:-1","max-image-preview":"max-image-preview:large","max-video-preview":"max-video-preview:-1"},"canonical":"https:\/\/skiconceptmegeve.com\/phantom-ski-concept-megeve\/","twitter_misc":{"Est. reading time":"1 minute"},"schema":{"@context":"https:\/\/schema.org","@graph":[{"@type":"WebPage","@id":"https:\/\/skiconceptmegeve.com\/phantom-ski-concept-megeve\/","url":"https:\/\/skiconceptmegeve.com\/phantom-ski-concept-megeve\/","name":"PHANTOM -","isPartOf":{"@id":"https:\/\/skiconceptmegeve.com\/#website"},"datePublished":"2019-09-27T07:55:02+00:00","dateModified":"2019-10-24T13:14:58+00:00","description":"Ski Concept Megeve: vous pourrez cette saison louer des skis qui seront trait\u00e9s par le proc\u00e9de Phantom. Une glisse permanente et un geste pour la plan\u00e8te.","breadcrumb":{"@id":"https:\/\/skiconceptmegeve.com\/phantom-ski-concept-megeve\/#breadcrumb"},"inLanguage":"en-US","potentialAction":[{"@type":"ReadAction","target":["https:\/\/skiconceptmegeve.com\/phantom-ski-concept-megeve\/"]}]},{"@type":"BreadcrumbList","@id":"https:\/\/skiconceptmegeve.com\/phantom-ski-concept-megeve\/#breadcrumb","itemListElement":[{"@type":"ListItem","position":1,"name":"Home","item":"https:\/\/skiconceptmegeve.com\/en\/"},{"@type":"ListItem","position":2,"name":"PHANTOM"}]},{"@type":"WebSite","@id":"https:\/\/skiconceptmegeve.com\/#website","url":"https:\/\/skiconceptmegeve.com\/","name":"Ski Concept Megeve","description":"Ski shop in Meg\u00e8ve","potentialAction":[{"@type":"SearchAction","target":{"@type":"EntryPoint","urlTemplate":"https:\/\/skiconceptmegeve.com\/?s={search_term_string}"},"query-input":{"@type":"PropertyValueSpecification","valueRequired":true,"valueName":"search_term_string"}}],"inLanguage":"en-US"}]}},"_links":{"self":[{"href":"https:\/\/skiconceptmegeve.com\/en\/wp-json\/wp\/v2\/pages\/3143","targetHints":{"allow":["GET"]}}],"collection":[{"href":"https:\/\/skiconceptmegeve.com\/en\/wp-json\/wp\/v2\/pages"}],"about":[{"href":"https:\/\/skiconceptmegeve.com\/en\/wp-json\/wp\/v2\/types\/page"}],"author":[{"embeddable":true,"href":"https:\/\/skiconceptmegeve.com\/en\/wp-json\/wp\/v2\/users\/3"}],"replies":[{"embeddable":true,"href":"https:\/\/skiconceptmegeve.com\/en\/wp-json\/wp\/v2\/comments?post=3143"}],"version-history":[{"count":0,"href":"https:\/\/skiconceptmegeve.com\/en\/wp-json\/wp\/v2\/pages\/3143\/revisions"}],"wp:attachment":[{"href":"https:\/\/skiconceptmegeve.com\/en\/wp-json\/wp\/v2\/media?parent=3143"}],"curies":[{"name":"wp","href":"https:\/\/api.w.org\/{rel}","templated":true}]}}