{"id":3012,"date":"2018-12-13T05:50:53","date_gmt":"2018-12-13T03:50:53","guid":{"rendered":"https:\/\/skiconceptmegeve.com\/?page_id=3012"},"modified":"2020-09-28T10:21:40","modified_gmt":"2020-09-28T08:21:40","slug":"ski-mojo","status":"publish","type":"page","link":"https:\/\/skiconceptmegeve.com\/en\/ski-mojo\/","title":{"rendered":"SKI-MOJO"},"content":{"rendered":"<p>[et_pb_section fb_built=&#8221;1&#8243; _builder_version=&#8221;3.29.3&#8243; link_option_url=&#8221;https:\/\/www.ski-mojo.ski&#8221;][et_pb_row _builder_version=&#8221;3.25&#8243; background_size=&#8221;initial&#8221; background_position=&#8221;top_left&#8221; background_repeat=&#8221;repeat&#8221; column_structure=&#8221;3_5,2_5&#8243;][et_pb_column type=&#8221;3_5&#8243; _builder_version=&#8221;3.25&#8243; custom_padding=&#8221;|||&#8221; custom_padding__hover=&#8221;|||&#8221;][et_pb_text _builder_version=&#8221;4.6.5&#8243; background_size=&#8221;initial&#8221; background_position=&#8221;top_left&#8221; background_repeat=&#8221;repeat&#8221; hover_enabled=&#8221;0&#8243; sticky_enabled=&#8221;0&#8243;]<\/p>\n<p><img loading=\"lazy\" decoding=\"async\" class=\"wp-image-3013 alignnone size-medium\" src=\"https:\/\/skiconceptmegeve.com\/wp-content\/uploads\/Logo-Ski-Mojo-HD-francais-fond-transparent-300x84.png\" alt=\"\" width=\"442\" height=\"124\" srcset=\"https:\/\/skiconceptmegeve.com\/wp-content\/uploads\/Logo-Ski-Mojo-HD-francais-fond-transparent-300x84.png 300w, https:\/\/skiconceptmegeve.com\/wp-content\/uploads\/Logo-Ski-Mojo-HD-francais-fond-transparent-768x216.png 768w, https:\/\/skiconceptmegeve.com\/wp-content\/uploads\/Logo-Ski-Mojo-HD-francais-fond-transparent.png 1023w\" sizes=\"(max-width: 442px) 100vw, 442px\" \/><\/p>\n<p>&nbsp;<\/p>\n<p><a title=\"cliquez ici\" href=\"https:\/\/www.ski-mojo.ski\">https:\/\/www.ski-mojo.ski<\/a><\/p>\n<p>&nbsp;<\/p>\n<h1>Ski Mojo : L&#8217;exosquelette pour le ski<\/h1>\n<h2><span style=\"font-size: large;\"><strong>C<span style=\"color: #000000;\">on\u00e7u pour la pratique du ski et du snowboard.<\/span><\/strong><\/span><span style=\"font-size: 14px;\">\u00a0<\/span><\/h2>\n<p><span style=\"color: #000000;\">\u00a0<a href=\"https:\/\/www.ski-mojo.fr\/ski-mojo-lexosquelette-pour-skier-sans-peine\/\">L<span style=\"font-size: 14px;\">e Ski~Mojo<\/span><\/a> est destin\u00e9 \u00e0 <strong>am\u00e9liorer vos performances<\/strong> tout en pr\u00e9servant vos membres et articulations inf\u00e9rieures.\u00a0<\/span><span style=\"font-size: 14px;\">Les amortisseurs lat\u00e9raux prennent en charge 1\/3 du poids du corps. Ils absorbent les irr\u00e9gularit\u00e9s du relief. Le <strong>Ski~Mojo soulage les quadriceps<\/strong> et<strong> r\u00e9duit\u00a0<\/strong><\/span><span style=\"font-size: 14px;\"><strong>consid\u00e9rablement la pression verticale sur les genoux<\/strong>. Vous gagnez ainsi 33% de puissance et d\u2019endurance.<\/span><\/p>\n<p>[\/et_pb_text][\/et_pb_column][et_pb_column type=&#8221;2_5&#8243; _builder_version=&#8221;3.25&#8243; custom_padding=&#8221;|||&#8221; custom_padding__hover=&#8221;|||&#8221;][et_pb_image _builder_version=&#8221;4.6.5&#8243; _module_preset=&#8221;default&#8221; alt=&#8221;SKI MOJO&#8221; title_text=&#8221;benefices-Ski-Mojo&#8221; src=&#8221;https:\/\/skiconceptmegeve.com\/wp-content\/uploads\/benefices-Ski-Mojo.jpg&#8221; hover_enabled=&#8221;0&#8243; sticky_enabled=&#8221;0&#8243;][\/et_pb_image][\/et_pb_column][\/et_pb_row][et_pb_row _builder_version=&#8221;4.6.5&#8243; _module_preset=&#8221;default&#8221;][et_pb_column _builder_version=&#8221;4.6.5&#8243; _module_preset=&#8221;default&#8221; type=&#8221;4_4&#8243;][et_pb_text _builder_version=&#8221;4.6.5&#8243; background_size=&#8221;initial&#8221; background_position=&#8221;top_left&#8221; background_repeat=&#8221;repeat&#8221; hover_enabled=&#8221;0&#8243; sticky_enabled=&#8221;0&#8243;]<\/p>\n<p><strong><span style=\"color: #000000;\"><span style=\"font-size: 14px;\">Vous l&#8217; utilisez selon vos souhaits : skier avec plus d\u2019intensit\u00e9\u00a0<\/span><span style=\"font-size: 14px;\">ou profiter plus facilement de toute une journ\u00e9e de glisse !\u00a0Les\u00a0risques d\u2019accidents li\u00e9s \u00e0 la fatigue\u00a0ainsi que les\u00a0courbatures sont ainsi r\u00e9duits.<\/span><\/span><\/strong><\/p>\n<p><strong style=\"font-size: 14px; text-decoration: underline;\"><span style=\"color: #000000;\"><span style=\"font-size: 14px;\">Indications :<\/span><\/span><\/strong><\/p>\n<p><span style=\"font-size: 14px; color: #000000;\">Pour les riders qui d\u00e9sirent\u00a0am\u00e9liorer leurs performances de glisse<\/span><\/p>\n<p><span style=\"font-size: 14px; color: #000000;\">Pour les skieurs qui cherchent \u00e0\u00a0 soulager genoux, cuisses, hanches et dos<\/span><\/p>\n<p><span style=\"font-size: 14px; color: #000000;\">Pour les skieurs qui veulent profiter au maximum des domaines skiables et amortir leur s\u00e9jour<\/span><\/p>\n<p><span style=\"color: #000000; font-size: 14px;\">Pour tous les skieurs qui souhaitent plus de s\u00e9curit\u00e9 en limitant les risques de blessure<\/span><\/p>\n<p><span style=\"font-size: 14px; text-decoration: underline;\">Voir les parutions Presse:<\/span><\/p>\n<p>&nbsp;<\/p>\n<p><span style=\"font-size: 14px;\">\u00a0<\/span><a style=\"font-size: 14px;\" title=\"Presse\" href=\" https:\/\/www.ski-mojo.fr\/ski-mojo-lexosquelette-pour-skier-sans-peine\/\">https:\/\/www.ski-mojo.fr\/ski-mojo-lexosquelette-pour-skier-sans-peine\/<\/a><\/p>\n<p><a style=\"font-size: 14px;\" href=\"https:\/\/www.ski-mojo.fr\/skier-sans-se-mettre-sur-les-genoux\/\">https:\/\/www.ski-mojo.fr\/skier-sans-se-mettre-sur-les-genoux\/<\/a><\/p>\n<p><a style=\"font-size: 14px;\" href=\"https:\/\/www.ski-mojo.fr\/le-ski-mojo-une-revolution-dans-la-pratique-du-ski\/\">https:\/\/www.ski-mojo.fr\/le-ski-mojo-une-revolution-dans-la-pratique-du-ski\/<\/a><\/p>\n<p><a style=\"font-size: 14px;\" href=\"https:\/\/www.ski-mojo.fr\/arriva-skimojo-larma-segreta-dello-sciatore-per-fare-meno-fatica-e-preservare-le-ginocchia\/\">https:\/\/www.ski-mojo.fr\/arriva-skimojo-larma-segreta-dello-sciatore-per-fare-meno-fatica-e-preservare-le-ginocchia\/<\/a><\/p>\n<p>[\/et_pb_text][\/et_pb_column][\/et_pb_row][\/et_pb_section]<\/p>\n","protected":false},"excerpt":{"rendered":"<p>&nbsp; https:\/\/www.ski-mojo.ski &nbsp; Ski Mojo : L&#8217;exosquelette pour le ski Con\u00e7u pour la pratique du ski et du snowboard.\u00a0 \u00a0Le Ski~Mojo est destin\u00e9 \u00e0 am\u00e9liorer vos performances tout en pr\u00e9servant vos membres et articulations inf\u00e9rieures.\u00a0Les amortisseurs lat\u00e9raux prennent en charge 1\/3 du poids du corps. Ils absorbent les irr\u00e9gularit\u00e9s du relief. Le Ski~Mojo soulage les [&hellip;]<\/p>\n","protected":false},"author":3,"featured_media":3015,"parent":0,"menu_order":0,"comment_status":"closed","ping_status":"closed","template":"","meta":{"_et_pb_use_builder":"on","_et_pb_old_content":"<p><img class=\"alignnone size-medium wp-image-3013\" src=\"https:\/\/skiconceptmegeve.com\/wp-content\/uploads\/Logo-Ski-Mojo-HD-francais-fond-transparent-300x84.png\" alt=\"\" width=\"300\" height=\"84\" \/>\u00a0\u00a0<img class=\"alignnone wp-image-3015\" src=\"https:\/\/skiconceptmegeve.com\/wp-content\/uploads\/benefices-Ski-Mojo-300x300.jpg\" alt=\"\" width=\"254\" height=\"254\" \/><\/p><p>Con\u00e7u pour la pratique du ski et du snowboard, le Ski~Mojo est un \u00e9quipement destin\u00e9 \u00e0 am\u00e9liorer vos performances tout en pr\u00e9servant vos membres et articulations inf\u00e9rieures.<\/p><p>Dot\u00e9 d\u2019amortisseurs lat\u00e9raux qui prennent en charge 1\/3 du poids du corps et absorbent les irr\u00e9gularit\u00e9s du relief, le Ski~Mojo soulage les quadriceps et r\u00e9duit<br \/>consid\u00e9rablement la pression verticale sur les genoux. Vous gagnez ainsi 33% de puissance et d\u2019endurance \u00e0 utiliser selon vos souhaits : skier avec plus d\u2019intensit\u00e9<br \/>ou profiter plus facilement de toute une journ\u00e9e de glisse !\u00a0Les\u00a0risques d\u2019accidents li\u00e9s \u00e0 la fatigue\u00a0ainsi que les\u00a0courbatures sont ainsi r\u00e9duits.<\/p><p>Indications :<\/p><p>Pour les riders qui d\u00e9sirent\u00a0am\u00e9liorer leurs performances de glisse<\/p><p>Pour les skieurs qui cherchent \u00e0\u00a0 soulager genoux, cuisses, hanches et dos<\/p><p>Pour les skieurs qui veulent profiter au maximum des domaines skiables et amortir leur s\u00e9jour<\/p><p>Pour tous les skieurs qui souhaitent plus de s\u00e9curit\u00e9 en limitant les risques de blessure<br \/>Designed for skiing and snowboarding, and specially\u00a0developed using medical insight, Ski~Mojo is a device that\u00a0 uses spring recoil technology to take up to a third of the strain off the legs and knees by providing kinetic energy to assist leg extension.<\/p><p>Ski~Mojo supplements the power of the leg muscles, this in turn reduces impact, substantially delays muscle fatigue and alleviates leg and knee pain.<\/p><p>You thus enjoy 33% more power and endurance that you can use either to ski stronger or for an easier skiing experience.<\/p><p>For who ?<\/p><p>For riders who want to improve their performance<\/p><p>For skiers seeking to relieve knee, thigh, hip and back pain<\/p><p>For skiers wanting to enjoy larger ski areas<\/p><p>For all skiers looking for more safety by limiting the risks of injury<\/p><p>\u00a0<\/p>","_et_gb_content_width":"","footnotes":""},"class_list":["post-3012","page","type-page","status-publish","has-post-thumbnail","hentry"],"yoast_head":"<!-- This site is optimized with the Yoast SEO plugin v27.4 - https:\/\/yoast.com\/product\/yoast-seo-wordpress\/ -->\n<title>SKI-MOJO - Ski Concept Megeve<\/title>\n<meta name=\"robots\" content=\"index, follow, max-snippet:-1, max-image-preview:large, max-video-preview:-1\" \/>\n<link rel=\"canonical\" href=\"https:\/\/skiconceptmegeve.com\/ski-mojo\/\" \/>\n<meta name=\"twitter:label1\" content=\"Est. reading time\" \/>\n\t<meta name=\"twitter:data1\" content=\"2 minutes\" \/>\n<script type=\"application\/ld+json\" class=\"yoast-schema-graph\">{\"@context\":\"https:\\\/\\\/schema.org\",\"@graph\":[{\"@type\":\"WebPage\",\"@id\":\"https:\\\/\\\/skiconceptmegeve.com\\\/ski-mojo\\\/\",\"url\":\"https:\\\/\\\/skiconceptmegeve.com\\\/ski-mojo\\\/\",\"name\":\"SKI-MOJO - Ski Concept Megeve\",\"isPartOf\":{\"@id\":\"https:\\\/\\\/skiconceptmegeve.com\\\/#website\"},\"primaryImageOfPage\":{\"@id\":\"https:\\\/\\\/skiconceptmegeve.com\\\/ski-mojo\\\/#primaryimage\"},\"image\":{\"@id\":\"https:\\\/\\\/skiconceptmegeve.com\\\/ski-mojo\\\/#primaryimage\"},\"thumbnailUrl\":\"https:\\\/\\\/skiconceptmegeve.com\\\/wp-content\\\/uploads\\\/benefices-Ski-Mojo.jpg\",\"datePublished\":\"2018-12-13T03:50:53+00:00\",\"dateModified\":\"2020-09-28T08:21:40+00:00\",\"breadcrumb\":{\"@id\":\"https:\\\/\\\/skiconceptmegeve.com\\\/ski-mojo\\\/#breadcrumb\"},\"inLanguage\":\"en-US\",\"potentialAction\":[{\"@type\":\"ReadAction\",\"target\":[\"https:\\\/\\\/skiconceptmegeve.com\\\/ski-mojo\\\/\"]}]},{\"@type\":\"ImageObject\",\"inLanguage\":\"en-US\",\"@id\":\"https:\\\/\\\/skiconceptmegeve.com\\\/ski-mojo\\\/#primaryimage\",\"url\":\"https:\\\/\\\/skiconceptmegeve.com\\\/wp-content\\\/uploads\\\/benefices-Ski-Mojo.jpg\",\"contentUrl\":\"https:\\\/\\\/skiconceptmegeve.com\\\/wp-content\\\/uploads\\\/benefices-Ski-Mojo.jpg\",\"width\":1741,\"height\":1743,\"caption\":\"SKI MOJO\"},{\"@type\":\"BreadcrumbList\",\"@id\":\"https:\\\/\\\/skiconceptmegeve.com\\\/ski-mojo\\\/#breadcrumb\",\"itemListElement\":[{\"@type\":\"ListItem\",\"position\":1,\"name\":\"Home\",\"item\":\"https:\\\/\\\/skiconceptmegeve.com\\\/en\\\/\"},{\"@type\":\"ListItem\",\"position\":2,\"name\":\"SKI-MOJO\"}]},{\"@type\":\"WebSite\",\"@id\":\"https:\\\/\\\/skiconceptmegeve.com\\\/#website\",\"url\":\"https:\\\/\\\/skiconceptmegeve.com\\\/\",\"name\":\"Ski Concept Megeve\",\"description\":\"Ski shop in Meg\u00e8ve\",\"potentialAction\":[{\"@type\":\"SearchAction\",\"target\":{\"@type\":\"EntryPoint\",\"urlTemplate\":\"https:\\\/\\\/skiconceptmegeve.com\\\/?s={search_term_string}\"},\"query-input\":{\"@type\":\"PropertyValueSpecification\",\"valueRequired\":true,\"valueName\":\"search_term_string\"}}],\"inLanguage\":\"en-US\"}]}<\/script>\n<!-- \/ Yoast SEO plugin. -->","yoast_head_json":{"title":"SKI-MOJO - Ski Concept Megeve","robots":{"index":"index","follow":"follow","max-snippet":"max-snippet:-1","max-image-preview":"max-image-preview:large","max-video-preview":"max-video-preview:-1"},"canonical":"https:\/\/skiconceptmegeve.com\/ski-mojo\/","twitter_misc":{"Est. reading time":"2 minutes"},"schema":{"@context":"https:\/\/schema.org","@graph":[{"@type":"WebPage","@id":"https:\/\/skiconceptmegeve.com\/ski-mojo\/","url":"https:\/\/skiconceptmegeve.com\/ski-mojo\/","name":"SKI-MOJO - Ski Concept Megeve","isPartOf":{"@id":"https:\/\/skiconceptmegeve.com\/#website"},"primaryImageOfPage":{"@id":"https:\/\/skiconceptmegeve.com\/ski-mojo\/#primaryimage"},"image":{"@id":"https:\/\/skiconceptmegeve.com\/ski-mojo\/#primaryimage"},"thumbnailUrl":"https:\/\/skiconceptmegeve.com\/wp-content\/uploads\/benefices-Ski-Mojo.jpg","datePublished":"2018-12-13T03:50:53+00:00","dateModified":"2020-09-28T08:21:40+00:00","breadcrumb":{"@id":"https:\/\/skiconceptmegeve.com\/ski-mojo\/#breadcrumb"},"inLanguage":"en-US","potentialAction":[{"@type":"ReadAction","target":["https:\/\/skiconceptmegeve.com\/ski-mojo\/"]}]},{"@type":"ImageObject","inLanguage":"en-US","@id":"https:\/\/skiconceptmegeve.com\/ski-mojo\/#primaryimage","url":"https:\/\/skiconceptmegeve.com\/wp-content\/uploads\/benefices-Ski-Mojo.jpg","contentUrl":"https:\/\/skiconceptmegeve.com\/wp-content\/uploads\/benefices-Ski-Mojo.jpg","width":1741,"height":1743,"caption":"SKI MOJO"},{"@type":"BreadcrumbList","@id":"https:\/\/skiconceptmegeve.com\/ski-mojo\/#breadcrumb","itemListElement":[{"@type":"ListItem","position":1,"name":"Home","item":"https:\/\/skiconceptmegeve.com\/en\/"},{"@type":"ListItem","position":2,"name":"SKI-MOJO"}]},{"@type":"WebSite","@id":"https:\/\/skiconceptmegeve.com\/#website","url":"https:\/\/skiconceptmegeve.com\/","name":"Ski Concept Megeve","description":"Ski shop in Meg\u00e8ve","potentialAction":[{"@type":"SearchAction","target":{"@type":"EntryPoint","urlTemplate":"https:\/\/skiconceptmegeve.com\/?s={search_term_string}"},"query-input":{"@type":"PropertyValueSpecification","valueRequired":true,"valueName":"search_term_string"}}],"inLanguage":"en-US"}]}},"_links":{"self":[{"href":"https:\/\/skiconceptmegeve.com\/en\/wp-json\/wp\/v2\/pages\/3012","targetHints":{"allow":["GET"]}}],"collection":[{"href":"https:\/\/skiconceptmegeve.com\/en\/wp-json\/wp\/v2\/pages"}],"about":[{"href":"https:\/\/skiconceptmegeve.com\/en\/wp-json\/wp\/v2\/types\/page"}],"author":[{"embeddable":true,"href":"https:\/\/skiconceptmegeve.com\/en\/wp-json\/wp\/v2\/users\/3"}],"replies":[{"embeddable":true,"href":"https:\/\/skiconceptmegeve.com\/en\/wp-json\/wp\/v2\/comments?post=3012"}],"version-history":[{"count":0,"href":"https:\/\/skiconceptmegeve.com\/en\/wp-json\/wp\/v2\/pages\/3012\/revisions"}],"wp:featuredmedia":[{"embeddable":true,"href":"https:\/\/skiconceptmegeve.com\/en\/wp-json\/wp\/v2\/media\/3015"}],"wp:attachment":[{"href":"https:\/\/skiconceptmegeve.com\/en\/wp-json\/wp\/v2\/media?parent=3012"}],"curies":[{"name":"wp","href":"https:\/\/api.w.org\/{rel}","templated":true}]}}