{"id":2703,"date":"2016-10-10T07:05:35","date_gmt":"2016-10-10T05:05:35","guid":{"rendered":"http:\/\/www.skiconceptmegeve.com\/en\/skis-ak-dont-try-to-explain-emotion-just-feel-it\/"},"modified":"2025-09-22T04:55:06","modified_gmt":"2025-09-22T02:55:06","slug":"skis-ak-dont-try-to-explain-emotion-just-feel-it","status":"publish","type":"page","link":"https:\/\/skiconceptmegeve.com\/en\/skis-ak-dont-try-to-explain-emotion-just-feel-it\/","title":{"rendered":"SKIS AK &#8230; don&#8217;t try to explain emotion, just feel it in Meg\u00e8ve."},"content":{"rendered":"<p style=\"text-align: center;\"><em><img loading=\"lazy\" decoding=\"async\" class=\"alignnone wp-image-2348\" src=\"https:\/\/skiconceptmegeve.com\/wp-content\/uploads\/ak_1_470_214-300x137.jpg\" alt=\"AK SKI\" width=\"445\" height=\"203\" srcset=\"https:\/\/skiconceptmegeve.com\/wp-content\/uploads\/ak_1_470_214-300x137.jpg 300w, https:\/\/skiconceptmegeve.com\/wp-content\/uploads\/ak_1_470_214.jpg 470w\" sizes=\"(max-width: 445px) 100vw, 445px\" \/><\/em><\/p>\n<p style=\"text-align: center;\"><em>AK SKIS was started by Aldo Kuonen in 1996.<\/em><\/p>\n<p style=\"text-align: center;\">Son but ultime \u00e9tait de faire partager \u00e0 des skieurs passionn\u00e9s sa passion de la perfection technologique et son amour du ski.<\/p>\n<p style=\"text-align: center;\">AK est le r\u00e9sultat de cette qu\u00eate. Pendant 20 ans, la soci\u00e9t\u00e9 cherche a cr\u00e9er le ski le plus performant qu&#8217;il soit possible de faire, issu du ski de course et accessible \u00e0 presque tous.<\/p>\n<p style=\"text-align: center;\">C &#8216;est sans compromis que ce ski \u00e0 \u00e9t\u00e9 r\u00e9alis\u00e9 et nous partageons la passion d&#8217;Aldo pour cette marque que nous adorons.<\/p>\n<p style=\"text-align: center;\">Don&#8217;t try to explain Emotion, just feel it&#8230; \u00a0 \u00a0 A.K<\/p>\n<p style=\"text-align: center;\">\u00a0Click here :\u00a0<a href=\"https:\/\/www.ak-ski.ch\">SKIS AK<\/a><\/p>\n","protected":false},"excerpt":{"rendered":"<p>AK SKIS was started by Aldo Kuonen in 1996. Son but ultime \u00e9tait de faire partager \u00e0 des skieurs passionn\u00e9s sa passion de la perfection technologique et son amour du ski. AK est le r\u00e9sultat de cette qu\u00eate. Pendant 20 ans, la soci\u00e9t\u00e9 cherche a cr\u00e9er le ski le plus performant qu&#8217;il soit possible de [&hellip;]<\/p>\n","protected":false},"author":3,"featured_media":0,"parent":0,"menu_order":0,"comment_status":"closed","ping_status":"closed","template":"","meta":{"_et_pb_use_builder":"","_et_pb_old_content":"","_et_gb_content_width":"","footnotes":""},"class_list":["post-2703","page","type-page","status-publish","hentry"],"yoast_head":"<!-- This site is optimized with the Yoast SEO plugin v27.4 - https:\/\/yoast.com\/product\/yoast-seo-wordpress\/ -->\n<title>SKIS AK ... don&#039;t try to explain emotion, just feel it in Meg\u00e8ve. - Ski Concept Megeve<\/title>\n<meta name=\"description\" content=\"SKIS AK prestige et diff\u00e9rence\" \/>\n<meta name=\"robots\" content=\"index, follow, max-snippet:-1, max-image-preview:large, max-video-preview:-1\" \/>\n<link rel=\"canonical\" href=\"https:\/\/skiconceptmegeve.com\/en\/skis-ak-dont-try-to-explain-emotion-just-feel-it\/\" \/>\n<meta name=\"twitter:label1\" content=\"Est. reading time\" \/>\n\t<meta name=\"twitter:data1\" content=\"1 minute\" \/>\n<script type=\"application\/ld+json\" class=\"yoast-schema-graph\">{\"@context\":\"https:\\\/\\\/schema.org\",\"@graph\":[{\"@type\":\"WebPage\",\"@id\":\"https:\\\/\\\/skiconceptmegeve.com\\\/en\\\/skis-ak-dont-try-to-explain-emotion-just-feel-it\\\/\",\"url\":\"https:\\\/\\\/skiconceptmegeve.com\\\/en\\\/skis-ak-dont-try-to-explain-emotion-just-feel-it\\\/\",\"name\":\"SKIS AK ... don't try to explain emotion, just feel it in Meg\u00e8ve. - Ski Concept Megeve\",\"isPartOf\":{\"@id\":\"https:\\\/\\\/skiconceptmegeve.com\\\/#website\"},\"primaryImageOfPage\":{\"@id\":\"https:\\\/\\\/skiconceptmegeve.com\\\/en\\\/skis-ak-dont-try-to-explain-emotion-just-feel-it\\\/#primaryimage\"},\"image\":{\"@id\":\"https:\\\/\\\/skiconceptmegeve.com\\\/en\\\/skis-ak-dont-try-to-explain-emotion-just-feel-it\\\/#primaryimage\"},\"thumbnailUrl\":\"https:\\\/\\\/skiconceptmegeve.com\\\/wp-content\\\/uploads\\\/ak_1_470_214-300x137.jpg\",\"datePublished\":\"2016-10-10T05:05:35+00:00\",\"dateModified\":\"2025-09-22T02:55:06+00:00\",\"description\":\"SKIS AK prestige et diff\u00e9rence\",\"breadcrumb\":{\"@id\":\"https:\\\/\\\/skiconceptmegeve.com\\\/en\\\/skis-ak-dont-try-to-explain-emotion-just-feel-it\\\/#breadcrumb\"},\"inLanguage\":\"en-US\",\"potentialAction\":[{\"@type\":\"ReadAction\",\"target\":[\"https:\\\/\\\/skiconceptmegeve.com\\\/en\\\/skis-ak-dont-try-to-explain-emotion-just-feel-it\\\/\"]}]},{\"@type\":\"ImageObject\",\"inLanguage\":\"en-US\",\"@id\":\"https:\\\/\\\/skiconceptmegeve.com\\\/en\\\/skis-ak-dont-try-to-explain-emotion-just-feel-it\\\/#primaryimage\",\"url\":\"https:\\\/\\\/skiconceptmegeve.com\\\/wp-content\\\/uploads\\\/ak_1_470_214-300x137.jpg\",\"contentUrl\":\"https:\\\/\\\/skiconceptmegeve.com\\\/wp-content\\\/uploads\\\/ak_1_470_214-300x137.jpg\"},{\"@type\":\"BreadcrumbList\",\"@id\":\"https:\\\/\\\/skiconceptmegeve.com\\\/en\\\/skis-ak-dont-try-to-explain-emotion-just-feel-it\\\/#breadcrumb\",\"itemListElement\":[{\"@type\":\"ListItem\",\"position\":1,\"name\":\"Home\",\"item\":\"https:\\\/\\\/skiconceptmegeve.com\\\/en\\\/\"},{\"@type\":\"ListItem\",\"position\":2,\"name\":\"SKIS AK &#8230; don&rsquo;t try to explain emotion, just feel it in Meg\u00e8ve.\"}]},{\"@type\":\"WebSite\",\"@id\":\"https:\\\/\\\/skiconceptmegeve.com\\\/#website\",\"url\":\"https:\\\/\\\/skiconceptmegeve.com\\\/\",\"name\":\"Ski Concept Megeve\",\"description\":\"Ski shop in Meg\u00e8ve\",\"potentialAction\":[{\"@type\":\"SearchAction\",\"target\":{\"@type\":\"EntryPoint\",\"urlTemplate\":\"https:\\\/\\\/skiconceptmegeve.com\\\/?s={search_term_string}\"},\"query-input\":{\"@type\":\"PropertyValueSpecification\",\"valueRequired\":true,\"valueName\":\"search_term_string\"}}],\"inLanguage\":\"en-US\"}]}<\/script>\n<!-- \/ Yoast SEO plugin. -->","yoast_head_json":{"title":"SKIS AK ... don't try to explain emotion, just feel it in Meg\u00e8ve. - Ski Concept Megeve","description":"SKIS AK prestige et diff\u00e9rence","robots":{"index":"index","follow":"follow","max-snippet":"max-snippet:-1","max-image-preview":"max-image-preview:large","max-video-preview":"max-video-preview:-1"},"canonical":"https:\/\/skiconceptmegeve.com\/en\/skis-ak-dont-try-to-explain-emotion-just-feel-it\/","twitter_misc":{"Est. reading time":"1 minute"},"schema":{"@context":"https:\/\/schema.org","@graph":[{"@type":"WebPage","@id":"https:\/\/skiconceptmegeve.com\/en\/skis-ak-dont-try-to-explain-emotion-just-feel-it\/","url":"https:\/\/skiconceptmegeve.com\/en\/skis-ak-dont-try-to-explain-emotion-just-feel-it\/","name":"SKIS AK ... don't try to explain emotion, just feel it in Meg\u00e8ve. - Ski Concept Megeve","isPartOf":{"@id":"https:\/\/skiconceptmegeve.com\/#website"},"primaryImageOfPage":{"@id":"https:\/\/skiconceptmegeve.com\/en\/skis-ak-dont-try-to-explain-emotion-just-feel-it\/#primaryimage"},"image":{"@id":"https:\/\/skiconceptmegeve.com\/en\/skis-ak-dont-try-to-explain-emotion-just-feel-it\/#primaryimage"},"thumbnailUrl":"https:\/\/skiconceptmegeve.com\/wp-content\/uploads\/ak_1_470_214-300x137.jpg","datePublished":"2016-10-10T05:05:35+00:00","dateModified":"2025-09-22T02:55:06+00:00","description":"SKIS AK prestige et diff\u00e9rence","breadcrumb":{"@id":"https:\/\/skiconceptmegeve.com\/en\/skis-ak-dont-try-to-explain-emotion-just-feel-it\/#breadcrumb"},"inLanguage":"en-US","potentialAction":[{"@type":"ReadAction","target":["https:\/\/skiconceptmegeve.com\/en\/skis-ak-dont-try-to-explain-emotion-just-feel-it\/"]}]},{"@type":"ImageObject","inLanguage":"en-US","@id":"https:\/\/skiconceptmegeve.com\/en\/skis-ak-dont-try-to-explain-emotion-just-feel-it\/#primaryimage","url":"https:\/\/skiconceptmegeve.com\/wp-content\/uploads\/ak_1_470_214-300x137.jpg","contentUrl":"https:\/\/skiconceptmegeve.com\/wp-content\/uploads\/ak_1_470_214-300x137.jpg"},{"@type":"BreadcrumbList","@id":"https:\/\/skiconceptmegeve.com\/en\/skis-ak-dont-try-to-explain-emotion-just-feel-it\/#breadcrumb","itemListElement":[{"@type":"ListItem","position":1,"name":"Home","item":"https:\/\/skiconceptmegeve.com\/en\/"},{"@type":"ListItem","position":2,"name":"SKIS AK &#8230; don&rsquo;t try to explain emotion, just feel it in Meg\u00e8ve."}]},{"@type":"WebSite","@id":"https:\/\/skiconceptmegeve.com\/#website","url":"https:\/\/skiconceptmegeve.com\/","name":"Ski Concept Megeve","description":"Ski shop in Meg\u00e8ve","potentialAction":[{"@type":"SearchAction","target":{"@type":"EntryPoint","urlTemplate":"https:\/\/skiconceptmegeve.com\/?s={search_term_string}"},"query-input":{"@type":"PropertyValueSpecification","valueRequired":true,"valueName":"search_term_string"}}],"inLanguage":"en-US"}]}},"_links":{"self":[{"href":"https:\/\/skiconceptmegeve.com\/en\/wp-json\/wp\/v2\/pages\/2703","targetHints":{"allow":["GET"]}}],"collection":[{"href":"https:\/\/skiconceptmegeve.com\/en\/wp-json\/wp\/v2\/pages"}],"about":[{"href":"https:\/\/skiconceptmegeve.com\/en\/wp-json\/wp\/v2\/types\/page"}],"author":[{"embeddable":true,"href":"https:\/\/skiconceptmegeve.com\/en\/wp-json\/wp\/v2\/users\/3"}],"replies":[{"embeddable":true,"href":"https:\/\/skiconceptmegeve.com\/en\/wp-json\/wp\/v2\/comments?post=2703"}],"version-history":[{"count":1,"href":"https:\/\/skiconceptmegeve.com\/en\/wp-json\/wp\/v2\/pages\/2703\/revisions"}],"predecessor-version":[{"id":3634,"href":"https:\/\/skiconceptmegeve.com\/en\/wp-json\/wp\/v2\/pages\/2703\/revisions\/3634"}],"wp:attachment":[{"href":"https:\/\/skiconceptmegeve.com\/en\/wp-json\/wp\/v2\/media?parent=2703"}],"curies":[{"name":"wp","href":"https:\/\/api.w.org\/{rel}","templated":true}]}}